{"id":716,"date":"2013-10-01T19:01:27","date_gmt":"2013-10-01T19:01:27","guid":{"rendered":"http:\/\/frederic-junier.org\/?page_id=716"},"modified":"2016-12-14T18:05:37","modified_gmt":"2016-12-14T18:05:37","slug":"mps","status":"publish","type":"page","link":"https:\/\/frederic-junier.org\/wp\/?page_id=716","title":{"rendered":"MPS"},"content":{"rendered":"<p> Ci-joint quelques exemples de documents distribu\u00e9s lors des s\u00e9ances de MPS au lyc\u00e9e du Parc en 2013\/2014, 2014\/2015 et 2015\/2016.<\/p>\n<h2>S\u00e9quence n\u00b0 1 sur le th\u00e8me de l&rsquo;\u00e9pid\u00e9miologie<\/h2>\n<h3> S\u00e9ance n\u00b01 : l&rsquo;urne de Polya <\/h3>\n<ul>\n<li>  <a href=\"\/MPS2014\/Epidemiologie13Seance1.pdf\" title=\"MPS seance 1\">Enonc\u00e9 de la s\u00e9ance 1 <\/a> <\/li>\n<li> <a href=\"\/MPS2014\/urnepolya.ods\" title=\"Fichier tableur Urne de Polya\">Fichier LibreOffice Calc<\/a> <\/li>\n<li> <a href=\"\/MPS2014\/arbre_proba_polya.odt\" title=\"Arbre de probabilit\u00e9s\">Arbre de probabilit\u00e9s pour 5 \u00e9tapes<\/a> <\/li>\n<\/ul>\n<h3> S\u00e9ance n\u00b02 : l&rsquo;urne de Polya, simulation avec un algorithme <\/h3>\n<p><a href=\"\/MPS2014\/Epidemiologie13Seance2.pdf\" title=\"MPS seance 2\">Enonc\u00e9 de la s\u00e9ance 2<\/a>.\n<\/ol>\n<h3> MPS 2014 : Initiation \u00e0 la programmation en Python avec Rurple <\/h3>\n<ul>\n<li> S\u00e9ance 1 : d\u00e9couverte de l&rsquo;environnement et des structures de contr\u00f4les de flux, voici <a href=\"\/MPS2014\/RurpleSeances2014-2015.pdf\"> l&rsquo;\u00e9nonc\u00e9<\/a> <\/li>\n<li> S\u00e9ance 2 : approfondissement, voici <a href=\"\/MPS2014\/Rurple2014-2015-exossup.pdf\"> l&rsquo;\u00e9nonc\u00e9<\/a> <\/li>\n<\/ul>\n<h3> MPS 2016 : D\u00e9couverte des fractales <\/h3>\n<ul>\n<li> S\u00e9ance 1 : d\u00e9couverte des fractales  avec Xaos  <a href=\"\/MPS2014\/MPS-2017-Fractales-Seance1.pdf\"> l&rsquo;\u00e9nonc\u00e9<\/a> <\/li>\n<li> S\u00e9ance 2 : construction de fractales avec Geoegbra   <a href=\"\/MPS2014\/MPS-2017-Fractales-Seance2.pdf\"> l&rsquo;\u00e9nonc\u00e9<\/a> <\/li>\n<li> S\u00e9ance 3 : construction de fractales avec le module <code>turtle <\/code> de Python   <a href=\"\/MPS2014\/MPS-2017-Fractales-Seance3.pdf\"> l&rsquo;\u00e9nonc\u00e9<\/a> <\/li>\n<li> S\u00e9ance 4 : construction de fractales avec le module <code>PIL <\/code> de Python   <a href=\"\/MPS2014\/MPS-2017-Fractales-Seance4.pdf\"> l&rsquo;\u00e9nonc\u00e9<\/a> <\/li>\n<\/ul>\n","protected":false},"excerpt":{"rendered":"<p>Ci-joint quelques exemples de documents distribu\u00e9s lors des s\u00e9ances de MPS au lyc\u00e9e du Parc en 2013\/2014, 2014\/2015 et 2015\/2016. S\u00e9quence n\u00b0 1 sur le th\u00e8me de l&rsquo;\u00e9pid\u00e9miologie S\u00e9ance n\u00b01 : l&rsquo;urne de Polya Enonc\u00e9 de la s\u00e9ance 1 Fichier LibreOffice Calc Arbre de probabilit\u00e9s pour 5 \u00e9tapes S\u00e9ance n\u00b02 : l&rsquo;urne de Polya, simulation [&hellip;]<\/p>\n","protected":false},"author":1,"featured_media":0,"parent":0,"menu_order":0,"comment_status":"closed","ping_status":"open","template":"","meta":{"footnotes":""},"class_list":["post-716","page","type-page","status-publish","hentry"],"_links":{"self":[{"href":"https:\/\/frederic-junier.org\/wp\/index.php?rest_route=\/wp\/v2\/pages\/716","targetHints":{"allow":["GET"]}}],"collection":[{"href":"https:\/\/frederic-junier.org\/wp\/index.php?rest_route=\/wp\/v2\/pages"}],"about":[{"href":"https:\/\/frederic-junier.org\/wp\/index.php?rest_route=\/wp\/v2\/types\/page"}],"author":[{"embeddable":true,"href":"https:\/\/frederic-junier.org\/wp\/index.php?rest_route=\/wp\/v2\/users\/1"}],"replies":[{"embeddable":true,"href":"https:\/\/frederic-junier.org\/wp\/index.php?rest_route=%2Fwp%2Fv2%2Fcomments&post=716"}],"version-history":[{"count":10,"href":"https:\/\/frederic-junier.org\/wp\/index.php?rest_route=\/wp\/v2\/pages\/716\/revisions"}],"predecessor-version":[{"id":1223,"href":"https:\/\/frederic-junier.org\/wp\/index.php?rest_route=\/wp\/v2\/pages\/716\/revisions\/1223"}],"wp:attachment":[{"href":"https:\/\/frederic-junier.org\/wp\/index.php?rest_route=%2Fwp%2Fv2%2Fmedia&parent=716"}],"curies":[{"name":"wp","href":"https:\/\/api.w.org\/{rel}","templated":true}]}}