{"id":43,"date":"2013-02-22T23:13:57","date_gmt":"2013-02-22T23:13:57","guid":{"rendered":"http:\/\/frederic-junier.org\/?page_id=43"},"modified":"2026-02-15T15:03:44","modified_gmt":"2026-02-15T15:03:44","slug":"accueil","status":"publish","type":"page","link":"https:\/\/frederic-junier.org\/wp\/","title":{"rendered":"from parc import maths"},"content":{"rendered":"\n<div class=\"wp-block-columns is-layout-flex wp-container-core-columns-is-layout-28f84493 wp-block-columns-is-layout-flex\"><\/div>\n\n\n<p>Bienvenue sur le site de <strong>Fr\u00e9d\u00e9ric Junier<\/strong>, professeur de math\u00e9matiques, SNT, NSI et r\u00e9f\u00e9rent num\u00e9rique au <a title=\"site du lyc\u00e9e du Parc\" href=\"http:\/\/lyceeduparc.fr\/ldp\/\" target=\"_blank\" rel=\"noopener noreferrer\">lyc\u00e9e du Parc<\/a> \u00e0 Lyon.<\/p>\n<p><img loading=\"lazy\" decoding=\"async\" class=\"alignnone size-medium wp-image-1500\" style=\"display: none !important;\" hidden=\"\" src=\"https:\/\/frederic-junier.org\/wp\/wp-content\/uploads\/2020\/10\/rotation-dragon-2-300x300.gif\" alt=\"dragon\" width=\"300\" height=\"300\" srcset=\"https:\/\/frederic-junier.org\/wp\/wp-content\/uploads\/2020\/10\/rotation-dragon-2-300x300.gif 300w, https:\/\/frederic-junier.org\/wp\/wp-content\/uploads\/2020\/10\/rotation-dragon-2-150x150.gif 150w, https:\/\/frederic-junier.org\/wp\/wp-content\/uploads\/2020\/10\/rotation-dragon-2-512x510.gif 512w\" sizes=\"auto, (max-width: 300px) 100vw, 300px\" \/><\/p>\n<hr \/>\n\n\n<h3 class=\"wp-block-heading\">Actualit\u00e9s<\/h3>\n\n\n\n<ul class=\"wp-block-list\">\n<li><strong>F\u00e9vrier 2026<\/strong>  :  mise en ligne d&rsquo;un <a href=\"https:\/\/fjunier.forge.apps.education.fr\/grand-oral-spe-nsi\/\">site<\/a> (sur la forge des communs num\u00e9riques) sur le Grand Oral en sp\u00e9cialit\u00e9 NSI<\/li>\n\n\n\n<li><strong>D\u00e9cembre 2025 : <\/strong> <a href=\"http:\/\/frederic-junier.org\/formationIA\">support de formation IA pour les enseignants<\/a><\/li>\n\n\n\n<li><strong>Juin  2025 <\/strong> : ajout des QCM des sujets z\u00e9ros de l&rsquo;\u00e9preuve de fin de premi\u00e8re en sp\u00e9cialit\u00e9 maths et enseignement sp\u00e9cifique sur le site de <a href=\"https:\/\/fjunier.forge.apps.education.fr\/qcm-nsi-snt-maths\/\">QCM en NSI-SNT-Maths<\/a><\/li>\n\n\n\n<li><strong>Mars 2025 <\/strong>: mise en ligne d&rsquo;un <a href=\"https:\/\/fjunier.forge.apps.education.fr\/qcm-nsi-snt-maths\/\">site<\/a> (sur la forge des communs num\u00e9riques) de <a href=\"https:\/\/fjunier.forge.apps.education.fr\/qcm-nsi-snt-maths\/\">QCM en NSI-SNT-Maths<\/a><\/li>\n\n\n\n<li><strong>Janvier 2025 : <\/strong>mise en ligne d&rsquo;un <a href=\"https:\/\/fjunier.forge.apps.education.fr\/grand-oral-spe-maths\/\">site<\/a> (sur la forge des communs num\u00e9riques) d\u00e9di\u00e9 aux ressources sur le Grand Oral en sp\u00e9cialit\u00e9 math\u00e9matiques<\/li>\n\n\n\n<li><strong>Juillet 2024 : <\/strong>mise en ligne de <a href=\"https:\/\/fjunier.forge.apps.education.fr\/snt\/\">nouveaux cours de SNT <\/a> sur les th\u00e8mes Donn\u00e9es structur\u00e9es et Photographie num\u00e9rique. Je me suis appuy\u00e9 sur des ressources partag\u00e9es et organis\u00e9 une progression avec <a href=\"https:\/\/pypi.org\/project\/pyodide-mkdocs-theme\/\">Pyodide-mkdocs-theme<\/a>.<\/li>\n\n\n\n<li><strong>F\u00e9vrier 2024 : <\/strong>activit\u00e9 enqu\u00eate <a href=\"https:\/\/frederic-junier.org\/SNT\/Theme1_Web\/ressources\/enquete_snt_web_2024.pdf\">SNT Web<\/a><\/li>\n\n\n\n<li><strong>Novembre 2023 : <\/strong>les \u00e9l\u00e8ves de seconde peuvent d\u00e9couvrir la sp\u00e9cialit\u00e9 NSI \u00e0 travers ce <a href=\"https:\/\/frederic-junier.org\/NSI\/premiere\/presentation_parc_2023\/presentation_spe_nsi.html\">diaporama<\/a>.<\/li>\n\n\n\n<li><strong>Octobre 2023 :<\/strong> diaporamas de rituels en <a href=\"http:\/\/www.frederic-junier.org\/Premiere2024\/Progression\/Premiere_2024.html\">premi\u00e8re sp\u00e9cialit\u00e9 math\u00e9matiques<\/a> et <a href=\"https:\/\/parc-nsi.github.io\/parcmaths\/automatismes\/premiere\/cahier_calcul\/2023-2024\/CahierCalcul-2023-2024.pdf\">cahier de calcul<\/a> \u00e0 partir de <a href=\"https:\/\/coopmaths.fr\/alea\/\">https:\/\/coopmaths.fr\/alea\/<\/a><\/li>\n\n\n\n<li><strong>Juin 2023 : <\/strong> <a href=\"https:\/\/frederic-junier.org\/chatGPT\/\">pr\u00e9sentation de  ChatGPT et de sa place dans l&rsquo;enseignement<\/a>   avec <a href=\"https:\/\/frederic-junier.org\/chatGPT\/presentation_chatGPT.zip\" target=\"_blank\" rel=\"noreferrer noopener\">sources libres en Markdown<\/a>.<\/li>\n<\/ul>\n\n\n\n<h3 class=\"wp-block-heading\">\u00e0 propos<\/h3>\n\n\n\n<p>Ce site cr\u00e9\u00e9 en 2013 \u00e9tait initialement  destin\u00e9 aux \u00e9l\u00e8ves de mes classes de math\u00e9matiques  avec  pour chaque classe une  page Progression rassemblant les documents distribu\u00e9s par chapitre :<\/p>\n\n\n\n<ul class=\"wp-block-list\">\n<li>les cours au format pdf<\/li>\n\n\n\n<li>les fiches d&rsquo;exercices distribu\u00e9es en classe au format pdf<\/li>\n\n\n\n<li>les \u00e9nonc\u00e9s de certains DM au format pdf<\/li>\n<\/ul>\n\n\n\n<div class=\"wp-block-group has-global-padding is-layout-constrained wp-block-group-is-layout-constrained\">\n<p>Les contenus se sont enrichis ensuite avec la diversification de mes activit\u00e9s d&rsquo;enseignement en informatique :<\/p>\n\n\n\n<ul class=\"wp-block-list\">\n<li>option informatique ISN de terminale entre 2012 et 2019<\/li>\n\n\n\n<li>option MPS puis ICN en seconde<\/li>\n\n\n\n<li>sp\u00e9cialit\u00e9 NSI en premi\u00e8re et terminale<\/li>\n\n\n\n<li>enseignement de SNT en seconde.<\/li>\n<\/ul>\n<\/div>\n\n\n\n<h3 class=\"wp-block-heading\">licence<\/h3>\n\n\n\n<p>Tous les documents de ce site sont sous <a href=\"https:\/\/creativecommons.org\/licenses\/by\/4.0\/legalcode.fr\">licence CC BY 4.0<\/a>.<\/p>\n\n\n\n<p> Certains documents anciens sont prot\u00e9g\u00e9s par un  mot de passe : pour le niveau Terminale c&rsquo;est <strong>parcTerminale<\/strong> et pour le niveau Premi\u00e8re,  <strong>parcPremiere<\/strong>.<\/p>\n\n\n\n<h3 class=\"wp-block-heading\">Sp\u00e9cialit\u00e9 NSI<\/h3>\n\n\n\n<figure class=\"wp-block-image size-large\"><a href=\"https:\/\/frederic-junier.org\/NSI\/premiere\"><img loading=\"lazy\" decoding=\"async\" width=\"512\" height=\"512\" src=\"https:\/\/frederic-junier.org\/wp\/wp-content\/uploads\/2020\/10\/rotation-dragon-2.gif\" alt=\"dragon\" class=\"wp-image-1500\"\/><\/a><\/figure>\n\n\n\n<p>L&rsquo;image gif ci-dessus pr\u00e9sente diff\u00e9rentes \u00e9tapes du d\u00e9roulement d&rsquo;un algorithme de rotation d&rsquo;images. Le programme assez court peut \u00eatre r\u00e9alis\u00e9 par un \u00e9l\u00e8ve de terminale NSI (r\u00e9cursivit\u00e9, approche<em> diviser pour r\u00e9gner<\/em>). L&rsquo;image source repr\u00e9sente l&rsquo;oeuvre <em>Matsuri Yatai Dragon<\/em> du peintre japonais <a href=\"https:\/\/en.wikipedia.org\/wiki\/en:Hokusai\">Hokusai<\/a>. Elle est dans le domaine public et disponible sur <a href=\"https:\/\/commons.wikimedia.org\">https:\/\/commons.wikimedia.org.<\/a><\/p>\n\n\n\n<p>J&rsquo;ai d\u00e9velopp\u00e9 deux sites pour l&rsquo;enseignement de NSI \u00e0 partir de <a href=\"https:\/\/www.mkdocs.org\/\">mkdocs<\/a> et des tutoriels partag\u00e9s par les coll\u00e8gues du <a href=\"http:\/\/forum des enseignants de NSI\">forum des enseignants de NSI<\/a> :<\/p>\n\n\n\n<ul class=\"wp-block-list\">\n<li>le site pour la <a href=\"https:\/\/frederic-junier.org\/NSI\/premiere\/\">premi\u00e8re NSI<\/a>    qui est h\u00e9berg\u00e9 sur mon domaine <a href=\"https:\/\/frederic-junier.org\">https:\/\/frederic-junier.<\/a><\/li>\n\n\n\n<li>le site pour la <a href=\"https:\/\/fjunier.forge.aeif.fr\/terminale_nsi\/\">terminale NS<\/a><a href=\"https:\/\/frederic-junier.org\/NSI\/premiere\/\">I<\/a>    qui est h\u00e9berg\u00e9 sur la <a href=\"https:\/\/forge.aeif.fr\/explore\">forge partag\u00e9e  de l&rsquo;AEIF<\/a><\/li>\n<\/ul>\n","protected":false},"excerpt":{"rendered":"<p>Bienvenue sur le site de Fr\u00e9d\u00e9ric Junier, professeur de math\u00e9matiques, SNT, NSI et r\u00e9f\u00e9rent num\u00e9rique au lyc\u00e9e du Parc \u00e0 Lyon. Actualit\u00e9s \u00e0 propos Ce site cr\u00e9\u00e9 en 2013 \u00e9tait initialement destin\u00e9 aux \u00e9l\u00e8ves de mes classes de math\u00e9matiques avec pour chaque classe une page Progression rassemblant les documents distribu\u00e9s par chapitre : Les contenus [&hellip;]<\/p>\n","protected":false},"author":1,"featured_media":1656,"parent":0,"menu_order":0,"comment_status":"closed","ping_status":"open","template":"","meta":{"footnotes":""},"class_list":["post-43","page","type-page","status-publish","has-post-thumbnail","hentry"],"_links":{"self":[{"href":"https:\/\/frederic-junier.org\/wp\/index.php?rest_route=\/wp\/v2\/pages\/43","targetHints":{"allow":["GET"]}}],"collection":[{"href":"https:\/\/frederic-junier.org\/wp\/index.php?rest_route=\/wp\/v2\/pages"}],"about":[{"href":"https:\/\/frederic-junier.org\/wp\/index.php?rest_route=\/wp\/v2\/types\/page"}],"author":[{"embeddable":true,"href":"https:\/\/frederic-junier.org\/wp\/index.php?rest_route=\/wp\/v2\/users\/1"}],"replies":[{"embeddable":true,"href":"https:\/\/frederic-junier.org\/wp\/index.php?rest_route=%2Fwp%2Fv2%2Fcomments&post=43"}],"version-history":[{"count":121,"href":"https:\/\/frederic-junier.org\/wp\/index.php?rest_route=\/wp\/v2\/pages\/43\/revisions"}],"predecessor-version":[{"id":1768,"href":"https:\/\/frederic-junier.org\/wp\/index.php?rest_route=\/wp\/v2\/pages\/43\/revisions\/1768"}],"wp:featuredmedia":[{"embeddable":true,"href":"https:\/\/frederic-junier.org\/wp\/index.php?rest_route=\/wp\/v2\/media\/1656"}],"wp:attachment":[{"href":"https:\/\/frederic-junier.org\/wp\/index.php?rest_route=%2Fwp%2Fv2%2Fmedia&parent=43"}],"curies":[{"name":"wp","href":"https:\/\/api.w.org\/{rel}","templated":true}]}}