{"id":1052,"date":"2015-08-30T08:42:29","date_gmt":"2015-08-30T08:42:29","guid":{"rendered":"http:\/\/frederic-junier.org\/?page_id=1052"},"modified":"2017-10-18T13:44:05","modified_gmt":"2017-10-18T13:44:05","slug":"outils","status":"publish","type":"page","link":"https:\/\/frederic-junier.org\/wp\/?page_id=1052","title":{"rendered":"Outils Javascript ou Snap"},"content":{"rendered":"<p>Sur cette page on trouvera des liens vers quelques outils \u00e9crits en Javascript ou en <a href=\"http:\/\/snap.berkeley.edu\/\"> Snap <\/a><\/p>\n<ol>\n<li> Outils Javascript :\n<ul>\n<li> <a title=\"Second degr\u00e9\" href=\"\/Outils\/outils_javascript_secondDegre.html\"> R\u00e9solution d&rsquo;une \u00e9quation du second degr\u00e9.  <\/a> <\/li>\n<li> <a title=\"Suite arithm\u00e9tico-g\u00e9om\u00e9trique\" href=\"\/Outils\/outils_javascript_suiteArithmeticoGeometrique.html\"> Suite arithm\u00e9tico-g\u00e9om\u00e9trique.  <\/a> <\/li>\n<li>   <a title=\"Somme de N d\u00e9s\" href=\"\/Outils\/test_javascript_sommeNdes.html\"> Distribution de la somme de N d\u00e9s  <\/a> <\/li>\n<li>   <a title=\"Crible d'Eratosth\u00e8ne\" href=\"\/Outils\/outils_javascript_crible.html\"> Crible d&rsquo;Eratosth\u00e8ne  <\/a> <\/li>\n<li>   <a title=\"Crible d'Eratosth\u00e8ne\" href=\"\/Outils\/outils_javascript_matrice.html\"> Produit matriciel  <\/a> <\/li>\n<\/ul>\n<\/li>\n<li> Outils <a href=\"http:\/\/snap.berkeley.edu\/\"> Snap <\/a> :\n<ul>\n<li>  <a href=\"http:\/\/snap.berkeley.edu\/snapsource\/snap.html#present:Username=fjunier&#038;ProjectName=ensemble2\"> Parties d&rsquo;un ensemble. <\/a>  <\/li>\n<li>  <a href=\"http:\/\/snap.berkeley.edu\/snapsource\/snap.html#present:Username=fjunier&#038;ProjectName=tri\"> Algorithmes de tri <\/a>  <\/li>\n<li>  <a href=\"http:\/\/snap.berkeley.edu\/snapsource\/snap.html#present:Username=fjunier&#038;ProjectName=koch\"> Courbe de Von Koch<\/a>  <\/li>\n<li>  <a href=\"http:\/\/snap.berkeley.edu\/snapsource\/snap.html#present:Username=fjunier&#038;ProjectName=peano\"> Courbe de Peano<\/a>  <\/li>\n<li>  <a href=\"http:\/\/snap.berkeley.edu\/snapsource\/snap.html#present:Username=fjunier&#038;ProjectName=sierpinski\"> Courbe de Sierpinski<\/a>  <\/li>\n<li>  <a href=\"http:\/\/snap.berkeley.edu\/snapsource\/snap.html#present:Username=fjunier&#038;ProjectName=changement_base\"> Changement de base<\/a>  <\/li>\n<li>  <a href=\"http:\/\/snap.berkeley.edu\/snapsource\/snap.html#present:Username=fjunier&#038;ProjectName=codage_binaire\"> Codage binaire<\/a>  <\/li>\n<li>  <a href=\"http:\/\/snap.berkeley.edu\/snapsource\/snap.html#present:Username=fjunier&#038;ProjectName=spirale_or\"> Rectangles et spirale d&rsquo;or <\/a>\n<li>  <a href=\"http:\/\/snap.berkeley.edu\/snapsource\/snap.html#present:Username=fjunier&#038;ProjectName=pyramide\"> Pyramide d&rsquo;allumettes (pour travailler la somme des termes cons\u00e9cutifs d&rsquo;une suite arithm\u00e9tique). <\/a>\n<\/li>\n<li>  <a href=\"http:\/\/snap.berkeley.edu\/snapsource\/snap.html#present:Username=fjunier&#038;ProjectName=MurBrique\"> Mur de briques. <\/a>\n<\/li>\n<li> <a href=\"http:\/\/snap.berkeley.edu\/snapsource\/snap.html#present:Username=fjunier&#038;ProjectName=JeuNim\"> Un jeu de Nim <\/a>,  simple traduction en Snap de <a href=\"http:\/\/www2.ac-lyon.fr\/enseigne\/math\/spip.php?article474&#038;lang=fr\"> l&rsquo;activit\u00e9 <\/a> propos\u00e9e par un coll\u00e8gue  sur le site p\u00e9dagogique de l&rsquo;acad\u00e9mie de Lyon.\n<\/li>\n<li>  Exercice d&rsquo;algorithmique, style tortue logo, du sujet de  <a href=\"https:\/\/www.apmep.fr\/IMG\/pdf\/Brevet_Metropole_Lacaze_29_juin_2017.pdf\">Brevet M\u00e9tropole juin 2017 <\/a> :\n<ul>\n<li> <a href=\"http:\/\/snap.berkeley.edu\/snapsource\/snap.html#present:Username=fjunier&#038;ProjectName=BrevetMetropole2017\" target=\"_blank\"> Exercice d&rsquo;algorithmique Partie 1    <\/a>. <\/li>\n<li> <a href=\"http:\/\/snap.berkeley.edu\/snapsource\/snap.html#present:Username=fjunier&#038;ProjectName=BrevetMetropole2017Part2\" target=\"_blank\"> Exercice d&rsquo;algorithmique Partie 2    <\/a>. <\/li>\n<\/ul>\n<\/li>\n<\/li>\n<\/ul>\n<li> Videos r\u00e9alis\u00e9es en Python avec Matplotlib :\n<ul>\n<li>  Enveloppe convexe d&rsquo;un ensemble de points par l&rsquo;algorithme d&rsquo;Andrew :<br \/>\n<figure><video width=\"320\" height=\"240\" controls><source src=\"http:\/\/frederic-junier.org\/Outils\/Enveloppe_Convexe.mp4\" type=\"video\/mp4\"><\/video> <\/li>\n<\/ol>\n<\/li>\n<\/ol>\n","protected":false},"excerpt":{"rendered":"<p>Sur cette page on trouvera des liens vers quelques outils \u00e9crits en Javascript ou en Snap Outils Javascript : R\u00e9solution d&rsquo;une \u00e9quation du second degr\u00e9. Suite arithm\u00e9tico-g\u00e9om\u00e9trique. Distribution de la somme de N d\u00e9s Crible d&rsquo;Eratosth\u00e8ne Produit matriciel Outils Snap : Parties d&rsquo;un ensemble. Algorithmes de tri Courbe de Von Koch Courbe de Peano Courbe [&hellip;]<\/p>\n","protected":false},"author":1,"featured_media":0,"parent":0,"menu_order":0,"comment_status":"closed","ping_status":"closed","template":"","meta":{"footnotes":""},"class_list":["post-1052","page","type-page","status-publish","hentry"],"_links":{"self":[{"href":"https:\/\/frederic-junier.org\/wp\/index.php?rest_route=\/wp\/v2\/pages\/1052","targetHints":{"allow":["GET"]}}],"collection":[{"href":"https:\/\/frederic-junier.org\/wp\/index.php?rest_route=\/wp\/v2\/pages"}],"about":[{"href":"https:\/\/frederic-junier.org\/wp\/index.php?rest_route=\/wp\/v2\/types\/page"}],"author":[{"embeddable":true,"href":"https:\/\/frederic-junier.org\/wp\/index.php?rest_route=\/wp\/v2\/users\/1"}],"replies":[{"embeddable":true,"href":"https:\/\/frederic-junier.org\/wp\/index.php?rest_route=%2Fwp%2Fv2%2Fcomments&post=1052"}],"version-history":[{"count":20,"href":"https:\/\/frederic-junier.org\/wp\/index.php?rest_route=\/wp\/v2\/pages\/1052\/revisions"}],"predecessor-version":[{"id":1334,"href":"https:\/\/frederic-junier.org\/wp\/index.php?rest_route=\/wp\/v2\/pages\/1052\/revisions\/1334"}],"wp:attachment":[{"href":"https:\/\/frederic-junier.org\/wp\/index.php?rest_route=%2Fwp%2Fv2%2Fmedia&parent=1052"}],"curies":[{"name":"wp","href":"https:\/\/api.w.org\/{rel}","templated":true}]}}